{"id":601,"date":"2018-05-30T13:40:02","date_gmt":"2018-05-30T13:40:02","guid":{"rendered":"https:\/\/livewp.site\/wp\/md\/oconnor\/?page_id=601"},"modified":"2025-12-11T09:49:40","modified_gmt":"2025-12-11T02:49:40","slug":"contacts","status":"publish","type":"page","link":"https:\/\/bnalegal.com\/en\/contacts\/","title":{"rendered":"Contact Us"},"content":{"rendered":"<div class=\"wpb-content-wrapper\"><div data-vc-full-width=\"true\" data-vc-full-width-init=\"false\" data-vc-stretch-content=\"true\" class=\"vc_row wpb_row vc_row-fluid gt3_vc_row_modified vc_custom_1527748472366 vc_row-no-padding vc_row-o-full-height vc_row-o-columns-stretch vc_row-o-equal-height vc_row-o-content-middle vc_row-flex\"><div class=\"wpb_column vc_column_container vc_col-sm-6\">\r\n    <div class=\"vc_column-inner\">\r\n        <div class=\"wpb_wrapper\">\r\n            <div class=\"vc_row wpb_row vc_inner vc_row-fluid gt3_vc_row_modified\">    <div class=\"wpb_column vc_column_container vc_col-sm-9 vc_col-xs-offset-2 vc_col-xs-9\">\r\n        <div class=\"vc_column-inner vc_custom_1527751121036\">\r\n            <div class=\"wpb_wrapper\">\r\n                    <div class=\"gt3_spacing\">\r\n        <div class=\"gt3_spacing-height gt3_spacing-height_default\" style=\"height: 20px;\"><\/div>\r\n            <\/div>\r\n    <div data-color=\"#ffffff\" class=\"gt3_custom_text  gt3_line-break-default gt3_font-size-inherit gt3_line-height-inherit gt3_color-inherit gt3_separator-active gt3_separator-outer gt3_full_width-active\" style=\"font-size: 32px;line-height: 165%; color: #272b2e; \"><div class=\"gt3_custom_text_separator\" style=\"margin-top: 22px; max-width: 70px; background-color: rgba(39,43,46,0.2); \"><\/div><h2><span>Contact Us<\/span><\/h2>\n<\/div>    <div class=\"gt3_spacing\">\r\n        <div class=\"gt3_spacing-height gt3_spacing-height_default\" style=\"height: 15px;\"><\/div>\r\n            <\/div>\r\n    <div data-color=\"#ffffff\" class=\"gt3_custom_text  gt3_line-break-default gt3_font-size-inherit gt3_line-height-inherit gt3_color-inherit gt3_separator-disable gt3_full_width-active\" style=\"font-size: 18px;line-height: 165%; color: #272b2e; \"><p class=\" translation-block\">BNA Legal is founded by a team of experienced legal, financial, and human resources experts who have worked with businesses of diverse scales and sectors. Each member of our team possesses a unique combination of professional expertise and practical experience from direct involvement in business operations.<\/p>\n<\/div>    <div class=\"gt3_spacing\">\r\n        <div class=\"gt3_spacing-height gt3_spacing-height_default\" style=\"height: 32px;\"><\/div>\r\n            <\/div>\r\n        <div class=\"gt3_spacing\">\r\n        <div class=\"gt3_spacing-height gt3_spacing-height_default\" style=\"height: 32px;\"><\/div>\r\n            <\/div>\r\n    <div data-color=\"#ffffff\" class=\"gt3_custom_text  gt3_line-break-default gt3_font-size-inherit gt3_line-height-inherit gt3_color-inherit gt3_separator-disable gt3_full_width-active\" style=\"font-size: 18px;line-height: 165%; color: #272b2e; \"><p><strong>Address:<\/strong> BNA Legal, 1st Floor, 30A Ho Hao Hon Street, Cau Ong Lanh Ward, Ho Chi Minh City, Vietnam<\/p>\n<\/div><div data-color=\"#ffffff\" class=\"gt3_custom_text  gt3_line-break-default gt3_font-size-inherit gt3_line-height-inherit gt3_color-inherit gt3_separator-disable gt3_full_width-active\" style=\"font-size: 18px;line-height: 165%; color: #ef5b0c; \"><p><span style=\"color: #000000;\"><strong>Hotline: <\/strong><\/span><a href=\"tel: 84706062611\">(+84) 706 062 611\u00a0<\/a><\/p>\n<\/div>    <div class=\"gt3_spacing\">\r\n        <div class=\"gt3_spacing-height gt3_spacing-height_default\" style=\"height: 32px;\"><\/div>\r\n            <\/div>\r\n    <div data-color=\"#ffffff\" class=\"gt3_custom_text  gt3_line-break-default gt3_font-size-inherit gt3_line-height-inherit gt3_color-inherit gt3_separator-disable gt3_full_width-active\" style=\"font-size: 18px;line-height: 165%; color: #ef5b0c; \"><p><span style=\"color: #000000;\"><strong>Email: <\/strong><\/span><a href=\"mailto:CS@bnalegal.com\">CS@bnalegal.com<\/a><\/p>\n<\/div>    <div class=\"gt3_spacing\">\r\n        <div class=\"gt3_spacing-height gt3_spacing-height_default\" style=\"height: 25px;\"><\/div>\r\n            <\/div>\r\n        <div class=\"gt3_spacing\">\r\n        <div class=\"gt3_spacing-height gt3_spacing-height_default\" style=\"height: 20px;\"><\/div>\r\n            <\/div>\r\n                <\/div>\r\n        <\/div>\r\n    <\/div>\r\n<\/div>        <\/div>\r\n    <\/div>\r\n<\/div>\r\n<div class=\"wpb_column vc_column_container vc_col-sm-6\">\r\n    <div class=\"vc_column-inner\">\r\n        <div class=\"wpb_wrapper\">\r\n            <div class=\"wpb_gmaps_widget wpb_content_element\"><div class=\"wpb_wrapper\"><div class=\"wpb_map_wraper\"><iframe src=\"https:\/\/www.google.com\/maps\/embed?pb=!1m18!1m12!1m3!1d952.0202859510122!2d106.6935692885078!3d10.760172101308857!2m3!1f0!2f0!3f0!3m2!1i1024!2i768!4f13.1!3m3!1m2!1s0x31752f11688cb6fb%3A0x26fa0d7aac30763e!2zMzBBIEjhu5MgSOG6o28gSOG7m24sIFBoxrDhu51uZyBDw7QgR2lhbmcsIFF14bqtbiAxLCBI4buTIENow60gTWluaCA3MDAwMCwgVmnhu4d0IE5hbQ!5e0!3m2!1svi!2s!4v1747382588906!5m2!1svi!2s\" width=\"600\" height=\"450\" style=\"border:0;\" allowfullscreen=\"\" loading=\"lazy\" referrerpolicy=\"no-referrer-when-downgrade\"><\/iframe><\/div><\/div><\/div>        <\/div>\r\n    <\/div>\r\n<\/div>\r\n<\/div><div class=\"vc_row-full-width vc_clearfix\"><\/div>\n<\/div>","protected":false},"excerpt":{"rendered":"Li\u00ean h\u1ec7 BNA Legal \u2013 c\u00f4ng ty lu\u1eadt \u0111\u01b0\u1ee3c th\u00e0nh l\u1eadp b\u1edfi c\u00e1c Lu\u1eadt s\u01b0 c\u00f3 kinh nghi\u1ec7m l\u00e0m vi\u1ec7c \u1edf m\u00f4i tr\u01b0\u1eddng h\u00e3ng lu\u1eadt v\u00e0 doanh nghi\u1ec7p. Mong mu\u1ed1n c\u1ee7a ch\u00fang t\u00f4i l\u00e0 d\u00f9ng c\u00e1c ki\u1ebfn th\u1ee9c ph\u00e1p l\u00fd c\u00f9ng kinh nghi\u1ec7m th\u1ef1c t\u1ebf \u0111a d\u1ea1ng v\u00e0 s\u00e2u s\u1eafc mang l\u1ea1i c\u00e1c gi\u00e1 tr\u1ecb [...]","protected":false},"author":2,"featured_media":0,"parent":0,"menu_order":0,"comment_status":"closed","ping_status":"closed","template":"","meta":{"footnotes":""},"class_list":["post-601","page","type-page","status-publish","hentry"],"_links":{"self":[{"href":"https:\/\/bnalegal.com\/en\/wp-json\/wp\/v2\/pages\/601","targetHints":{"allow":["GET"]}}],"collection":[{"href":"https:\/\/bnalegal.com\/en\/wp-json\/wp\/v2\/pages"}],"about":[{"href":"https:\/\/bnalegal.com\/en\/wp-json\/wp\/v2\/types\/page"}],"author":[{"embeddable":true,"href":"https:\/\/bnalegal.com\/en\/wp-json\/wp\/v2\/users\/2"}],"replies":[{"embeddable":true,"href":"https:\/\/bnalegal.com\/en\/wp-json\/wp\/v2\/comments?post=601"}],"version-history":[{"count":2,"href":"https:\/\/bnalegal.com\/en\/wp-json\/wp\/v2\/pages\/601\/revisions"}],"predecessor-version":[{"id":3815,"href":"https:\/\/bnalegal.com\/en\/wp-json\/wp\/v2\/pages\/601\/revisions\/3815"}],"wp:attachment":[{"href":"https:\/\/bnalegal.com\/en\/wp-json\/wp\/v2\/media?parent=601"}],"curies":[{"name":"wp","href":"https:\/\/api.w.org\/{rel}","templated":true}]}}