{"id":3,"date":"2024-03-23T09:23:23","date_gmt":"2024-03-23T09:23:23","guid":{"rendered":"https:\/\/bnalegal.com\/?page_id=3"},"modified":"2024-06-18T11:05:38","modified_gmt":"2024-06-18T04:05:38","slug":"dieu-khoan-va-dieu-kien","status":"publish","type":"page","link":"https:\/\/bnalegal.com\/en\/dieu-khoan-va-dieu-kien\/","title":{"rendered":"Terms and Conditions"},"content":{"rendered":"<div class=\"wpb-content-wrapper\"><div class=\"\"><div class=\"container\"><div class=\"vc_row wpb_row vc_row-fluid gt3_vc_row_modified\"><div class=\"wpb_column vc_column_container vc_col-sm-12\">\r\n    <div class=\"vc_column-inner\">\r\n        <div class=\"wpb_wrapper\">\r\n            <div data-color=\"#ffffff\" class=\"gt3_custom_text  vc_custom_1718683239916 gt3_line-break-default gt3_line-height-inherit gt3_color-inherit gt3_separator-disable gt3_full_width-active\" style=\"line-height: 165%; color: #ffffff; \"><h2>We are pleased to welcome you to the official website of BNA Legal.<\/h2>\n<p>&nbsp;<\/p>\n<p>Please take the time to read and comprehend the following conditions of the legal agreement between you and BNA Legal.<\/p>\n<p>&nbsp;<\/p>\n<p>By accessing, viewing, or utilizing any of the website's content or photos, you (the user) indicate that you have read, comprehended, and agree to the terms and conditions contained herein. Please do not use this website if you do not agree to these terms.<\/p>\n<p>&nbsp;<\/p>\n<p>BNA Legal is responsible for ensuring the legality of the content provided to users on the website. All information, images, and content on this website adhere to legal requirements and Vietnamese good customs and traditions.<\/p>\n<\/div>    <div class=\"gt3_spacing  gt3_spacing-height_size_sm_desktop-on gt3_spacing-height_tablet-on gt3_spacing-height_mobile-on\">\r\n        <div class=\"gt3_spacing-height gt3_spacing-height_default\" style=\"height: 32px;\"><\/div>\r\n         <div class=\"gt3_spacing-height gt3_spacing-height_size_sm_desktop\" style=\"height:16px;\"><\/div> <div class=\"gt3_spacing-height gt3_spacing-height_tablet\" style=\"height:16px;\"><\/div> <div class=\"gt3_spacing-height gt3_spacing-height_mobile\" style=\"height:16px;\"><\/div>    <\/div>\r\n        <div class=\"gt3_spacing  gt3_spacing-height_size_sm_desktop-on gt3_spacing-height_tablet-on gt3_spacing-height_mobile-on\">\r\n        <div class=\"gt3_spacing-height gt3_spacing-height_default\" style=\"height: 32px;\"><\/div>\r\n         <div class=\"gt3_spacing-height gt3_spacing-height_size_sm_desktop\" style=\"height:16px;\"><\/div> <div class=\"gt3_spacing-height gt3_spacing-height_tablet\" style=\"height:16px;\"><\/div> <div class=\"gt3_spacing-height gt3_spacing-height_mobile\" style=\"height:16px;\"><\/div>    <\/div>\r\n    \n\t<div class=\"wpb_text_column wpb_content_element\" >\n\t\t<div class=\"wpb_wrapper\">\n\t\t\t<h2 style=\"text-align: center;\">RIGHTS TO COPY AND TRADEMARK<\/h2>\n\n\t\t<\/div>\n\t<\/div>\n    <div class=\"gt3_spacing  gt3_spacing-height_size_sm_desktop-on gt3_spacing-height_tablet-on gt3_spacing-height_mobile-on\">\r\n        <div class=\"gt3_spacing-height gt3_spacing-height_default\" style=\"height: 32px;\"><\/div>\r\n         <div class=\"gt3_spacing-height gt3_spacing-height_size_sm_desktop\" style=\"height:16px;\"><\/div> <div class=\"gt3_spacing-height gt3_spacing-height_tablet\" style=\"height:16px;\"><\/div> <div class=\"gt3_spacing-height gt3_spacing-height_mobile\" style=\"height:16px;\"><\/div>    <\/div>\r\n    <div data-color=\"#ffffff\" class=\"gt3_custom_text  gt3_line-break-default gt3_font-size-inherit gt3_line-height-inherit gt3_color-inherit gt3_separator-disable gt3_full_width-active\" style=\"font-size: 18px;line-height: 165%; color: #1a4d2e; \"><p><strong>BNA Legal's intellectual property rights in the objects displayed on the website are declared.<\/strong><\/p>\n<p>&nbsp;<\/p>\n<p>This website and all of its content, including but not limited to the text, design, graphics, interface, pictures, and code, are owned or licensed by BNA Legal or a third party. BNA Legal's copyright is shown in English on the website with the phrase '2024 Copyright by BNA Legal. All rights reserved\u2019.<\/p>\n<p>&nbsp;<\/p>\n<p>BNA Legal  owns and protects all content on this website, including trademarks, trade names, company or product logos, and product designs, in compliance with Vietnamese law on property wisdom and associated documents.<\/p>\n<p>&nbsp;<\/p>\n<p>Without BNA Legal's previous written agreement, any act of copying, quoting, editing, distributing, publishing, or circulating... for commercial purposes in any form constitutes an infringement of BNA Legal's rights. BNA Legal reserves the right to require the user to cease use and compensate for the resulting harm (if any).<\/p>\n<\/div>    <div class=\"gt3_spacing  gt3_spacing-height_size_sm_desktop-on gt3_spacing-height_tablet-on gt3_spacing-height_mobile-on\">\r\n        <div class=\"gt3_spacing-height gt3_spacing-height_default\" style=\"height: 32px;\"><\/div>\r\n         <div class=\"gt3_spacing-height gt3_spacing-height_size_sm_desktop\" style=\"height:16px;\"><\/div> <div class=\"gt3_spacing-height gt3_spacing-height_tablet\" style=\"height:16px;\"><\/div> <div class=\"gt3_spacing-height gt3_spacing-height_mobile\" style=\"height:16px;\"><\/div>    <\/div>\r\n    \n\t<div class=\"wpb_text_column wpb_content_element\" >\n\t\t<div class=\"wpb_wrapper\">\n\t\t\t<h2 style=\"text-align: center;\">CONTENT<\/h2>\n\n\t\t<\/div>\n\t<\/div>\n    <div class=\"gt3_spacing  gt3_spacing-height_size_sm_desktop-on gt3_spacing-height_tablet-on gt3_spacing-height_mobile-on\">\r\n        <div class=\"gt3_spacing-height gt3_spacing-height_default\" style=\"height: 32px;\"><\/div>\r\n         <div class=\"gt3_spacing-height gt3_spacing-height_size_sm_desktop\" style=\"height:16px;\"><\/div> <div class=\"gt3_spacing-height gt3_spacing-height_tablet\" style=\"height:16px;\"><\/div> <div class=\"gt3_spacing-height gt3_spacing-height_mobile\" style=\"height:16px;\"><\/div>    <\/div>\r\n    <div data-color=\"#ffffff\" class=\"gt3_custom_text  gt3_line-break-default gt3_font-size-inherit gt3_line-height-inherit gt3_color-inherit gt3_separator-disable gt3_full_width-active\" style=\"font-size: 18px;line-height: 165%; color: #1a4d2e; \"><p><strong>BNA Legal's rights and obligations<\/strong><\/p>\n<p>&nbsp;<\/p>\n<p>BNA Legal reserves the right to modify and\/or discontinue the contents and functionality of any part or all of the website at any time and without prior notification to the user.<\/p>\n<p>&nbsp;<\/p>\n<p>BNA Legal reserves the right to implement security measures designed to safeguard and prevent unauthorized access, modification, disclosure, or destruction of information<\/p>\n<p>&nbsp;<\/p>\n<p>BNA Legal retains the right to implement security measures to safeguard against unauthorized access to, or alteration, disclosure, or destruction of information on the website.<\/p>\n<p>&nbsp;<\/p>\n<p>When using the website, information will be transmitted via a medium\/device beyond the control of BNA Legal. Accordingly, BNA Legal is not responsible for or in connection with any delay, failure or interruption of any data or other information transmitted in connection with the use of the website.<\/p>\n<p>&nbsp;<\/p>\n<p>Personal information about website users such as their address, email address, and phone number (given willingly via various forms on the website) may be utilized internally for the purpose of upgrading products and services offered by BNA Legal. BNA Legal undertakes to not disclose user information to third parties on a proactive basis, unless in response to a written request from investigative units in compliance with existing legislation. BNA Legal will notify the user in writing at that time. Despite the fact that security technologies and systems with numerous security measures are available, no data communicated over the internet can be guaranteed to be 100 percent secure. As a result, BNA Legal cannot guarantee that the information you supply will remain completely confidential, and will not be liable for any unauthorized access to personal information. kernel of the user. All public information and documents provided by users on the website are not considered confidential; BNA Legal has the right to use or transmit them for any reason.<\/p>\n<p>&nbsp;<\/p>\n<p>BNA Legal is free to use any ideas or concepts submitted to the website for any reason, including creating, manufacturing, and marketing goods. FPT is not obligated to pay or remunerate the supplier.<\/p>\n<p>&nbsp;<\/p>\n<p>You must be aware of and ensure that the information and documents you submit are within your right of use; this implies that BNA Legal will not infringe upon the rights of any third party.<\/p>\n<p>&nbsp;<\/p>\n<p>BNA Legal maintains the right to refuse to accept some documents you submit without providing a reason.<\/p>\n<p>&nbsp;<\/p>\n<p><strong>User\u2019s Rights and Responsibilities<\/strong><\/p>\n<p>&nbsp;<\/p>\n<p>BNA Legal permits users to read, extract, and share content on the website (print, download, forward...), but only for personal and non-commercial purposes, providing that the notice is cited. the following copyright protections: '\u00a92024 Copyright by BNA Legal.'<\/p>\n<p>&nbsp;<\/p>\n<p>You must comply with all applicable laws and regulations when using BNA Legal's website; You must not interfere with or affect other users' usage of the website; and You must not interfere with the operation or management of BNA Legal's website.<\/p>\n<p>&nbsp;<\/p>\n<p>You acknowledge and agree that BNA Legal and\/or its affiliates\/subsidiaries\/BNA Legal personnel are not liable for any loss, damage, or expense incurred as a result of any decision. your unauthorized use of any information on the website.<\/p>\n<p>&nbsp;<\/p>\n<p>If you are dissatisfied with any information on the Website or with any of the terms and conditions of use for that information, your only option is to discontinue access to\/use of the Website's information.<\/p>\n<\/div>    <div class=\"gt3_spacing  gt3_spacing-height_size_sm_desktop-on gt3_spacing-height_tablet-on gt3_spacing-height_mobile-on\">\r\n        <div class=\"gt3_spacing-height gt3_spacing-height_default\" style=\"height: 32px;\"><\/div>\r\n         <div class=\"gt3_spacing-height gt3_spacing-height_size_sm_desktop\" style=\"height:16px;\"><\/div> <div class=\"gt3_spacing-height gt3_spacing-height_tablet\" style=\"height:16px;\"><\/div> <div class=\"gt3_spacing-height gt3_spacing-height_mobile\" style=\"height:16px;\"><\/div>    <\/div>\r\n    \n\t<div class=\"wpb_text_column wpb_content_element\" >\n\t\t<div class=\"wpb_wrapper\">\n\t\t\t<h2 style=\"text-align: center;\">GENERAL TERMS<\/h2>\n\n\t\t<\/div>\n\t<\/div>\n    <div class=\"gt3_spacing  gt3_spacing-height_size_sm_desktop-on gt3_spacing-height_tablet-on gt3_spacing-height_mobile-on\">\r\n        <div class=\"gt3_spacing-height gt3_spacing-height_default\" style=\"height: 32px;\"><\/div>\r\n         <div class=\"gt3_spacing-height gt3_spacing-height_size_sm_desktop\" style=\"height:16px;\"><\/div> <div class=\"gt3_spacing-height gt3_spacing-height_tablet\" style=\"height:16px;\"><\/div> <div class=\"gt3_spacing-height gt3_spacing-height_mobile\" style=\"height:16px;\"><\/div>    <\/div>\r\n    <div data-color=\"#ffffff\" class=\"gt3_custom_text  gt3_line-break-default gt3_font-size-inherit gt3_line-height-inherit gt3_color-inherit gt3_separator-disable gt3_full_width-active\" style=\"font-size: 18px;line-height: 165%; color: #1a4d2e; \"><p>The Terms of Service are governed by Vietnamese law.<\/p>\n<p>&nbsp;<\/p>\n<p>If a provision of use is declared unlawful by a court of competent jurisdiction, the remaining clauses remain valid.<br \/>\nBNA Legal is always open to receiving your comments\/suggestions regarding the Website's content. If you believe that any portion of this Website violates the copyright of a third party, please notify FPT's Communications Department.<\/p>\n<p>&nbsp;<\/p>\n<p>This notice and associated terms and conditions of use comprise the agreement between  BNA Legal and you about your use of the Website's information.  BNA Legal reserves the right to make changes to the content of this notice at any time by updating it on the Website. You should visit the Website on a frequent basis to ensure compliance with these legally enforceable regulations.<\/p>\n<\/div>        <\/div>\r\n    <\/div>\r\n<\/div>\r\n<\/div><\/div><!-- .container --><\/div>\n<\/div>","protected":false},"excerpt":{"rendered":"Ch\u00e0o m\u1eebng b\u1ea1n gh\u00e9 th\u0103m website ch\u00ednh th\u1ee9c c\u1ee7a BNA Legal. &nbsp; Ch\u00fang t\u00f4i mong b\u1ea1n vui l\u00f2ng d\u00e0nh th\u1eddi gian \u0111\u1ecdc v\u00e0 t\u00ecm hi\u1ec3u nh\u1eefng \u0111i\u1ec1u kho\u1ea3n v\u1ec1 th\u1ecfa thu\u1eadn ph\u00e1p l\u00fd gi\u1eefa b\u1ea1n v\u00e0 BNA Legal nh\u01b0 d\u01b0\u1edbi \u0111\u00e2y. &nbsp; Th\u00f4ng qua vi\u1ec7c truy c\u1eadp, duy\u1ec7t n\u1ed9i dung, ho\u1eb7c s\u1eed d\u1ee5ng b\u1ea5t k\u00ec [...]","protected":false},"author":1,"featured_media":0,"parent":0,"menu_order":0,"comment_status":"closed","ping_status":"open","template":"","meta":{"footnotes":""},"class_list":["post-3","page","type-page","status-publish","hentry"],"_links":{"self":[{"href":"https:\/\/bnalegal.com\/en\/wp-json\/wp\/v2\/pages\/3","targetHints":{"allow":["GET"]}}],"collection":[{"href":"https:\/\/bnalegal.com\/en\/wp-json\/wp\/v2\/pages"}],"about":[{"href":"https:\/\/bnalegal.com\/en\/wp-json\/wp\/v2\/types\/page"}],"author":[{"embeddable":true,"href":"https:\/\/bnalegal.com\/en\/wp-json\/wp\/v2\/users\/1"}],"replies":[{"embeddable":true,"href":"https:\/\/bnalegal.com\/en\/wp-json\/wp\/v2\/comments?post=3"}],"version-history":[{"count":0,"href":"https:\/\/bnalegal.com\/en\/wp-json\/wp\/v2\/pages\/3\/revisions"}],"wp:attachment":[{"href":"https:\/\/bnalegal.com\/en\/wp-json\/wp\/v2\/media?parent=3"}],"curies":[{"name":"wp","href":"https:\/\/api.w.org\/{rel}","templated":true}]}}