{"id":242,"date":"2018-05-11T08:44:39","date_gmt":"2018-05-11T08:44:39","guid":{"rendered":"https:\/\/livewp.site\/wp\/md\/oconnor\/?page_id=242"},"modified":"2025-05-16T14:43:15","modified_gmt":"2025-05-16T07:43:15","slug":"about-us","status":"publish","type":"page","link":"https:\/\/bnalegal.com\/en\/about-us\/","title":{"rendered":"About Us"},"content":{"rendered":"<div class=\"wpb-content-wrapper\"><div class=\"\"><div class=\"container\"><div class=\"vc_row wpb_row vc_row-fluid gt3_vc_row_modified\"><div class=\"wpb_column vc_column_container vc_col-sm-12\">\r\n    <div class=\"vc_column-inner\">\r\n        <div class=\"wpb_wrapper\">\r\n                <div class=\"gt3_spacing  gt3_spacing-height_size_sm_desktop-on gt3_spacing-height_tablet-on gt3_spacing-height_mobile-on\">\r\n        <div class=\"gt3_spacing-height gt3_spacing-height_default\" style=\"height: 120px;\"><\/div>\r\n         <div class=\"gt3_spacing-height gt3_spacing-height_size_sm_desktop\" style=\"height:48px;\"><\/div> <div class=\"gt3_spacing-height gt3_spacing-height_tablet\" style=\"height:48px;\"><\/div> <div class=\"gt3_spacing-height gt3_spacing-height_mobile\" style=\"height:36px;\"><\/div>    <\/div>\r\n    \n\t<div class=\"wpb_text_column wpb_content_element  wpb_animate_when_almost_visible wpb_appear appear\" >\n\t\t<div class=\"wpb_wrapper\">\n\t\t\t<p><img loading=\"lazy\" decoding=\"async\" class=\"aligncenter wp-image-3615 size-large\" src=\"https:\/\/bnalegal.com\/wp-content\/uploads\/2025\/05\/DSCF9042-1024x683.jpg\" alt=\"\" width=\"940\" height=\"627\" srcset=\"https:\/\/bnalegal.com\/wp-content\/uploads\/2025\/05\/DSCF9042-1024x683.jpg 1024w, https:\/\/bnalegal.com\/wp-content\/uploads\/2025\/05\/DSCF9042-300x200.jpg 300w, https:\/\/bnalegal.com\/wp-content\/uploads\/2025\/05\/DSCF9042-768x512.jpg 768w, https:\/\/bnalegal.com\/wp-content\/uploads\/2025\/05\/DSCF9042-1536x1024.jpg 1536w, https:\/\/bnalegal.com\/wp-content\/uploads\/2025\/05\/DSCF9042-2048x1365.jpg 2048w, https:\/\/bnalegal.com\/wp-content\/uploads\/2025\/05\/DSCF9042-18x12.jpg 18w\" sizes=\"auto, (max-width: 940px) 100vw, 940px\" \/><\/p>\n\n\t\t<\/div>\n\t<\/div>\n        <\/div>\r\n    <\/div>\r\n<\/div>\r\n<\/div><\/div><!-- .container --><\/div><div class=\"vc_custom_1727709671442\"><div class=\"container\"><div class=\"vc_row wpb_row vc_row-fluid gt3_vc_row_modified vc_row-o-content-top vc_row-flex\"><div class=\"wpb_column vc_column_container vc_col-sm-3\">\r\n    <div class=\"vc_column-inner vc_custom_1727709029121\">\r\n        <div class=\"wpb_wrapper\">\r\n            <div data-color=\"#ffffff\" class=\"gt3_custom_text  gt3_line-break-notebook gt3_font-size-inherit gt3_line-height-inherit gt3_color-inherit gt3_separator-active gt3_separator-outer gt3_full_width-active\" style=\"font-size: 38px;line-height: 143%; color: #ef5b0c; \"><div class=\"gt3_custom_text_separator\" style=\"margin-top: 25px; max-width: 70px; background-color: rgba(39,43,46,0.2); \"><\/div><h2><strong>ABOUT US<\/strong><\/h2>\n<\/div>    <div class=\"gt3_spacing\">\r\n        <div class=\"gt3_spacing-height gt3_spacing-height_default\" style=\"height: 16px;\"><\/div>\r\n            <\/div>\r\n            <\/div>\r\n    <\/div>\r\n<\/div>\r\n<div class=\"wpb_column vc_column_container vc_col-sm-9\">\r\n    <div class=\"vc_column-inner\">\r\n        <div class=\"wpb_wrapper\">\r\n            <div data-color=\"#ffffff\" class=\"gt3_custom_text  gt3_line-break-default gt3_font-size-inherit gt3_line-height-inherit gt3_color-inherit gt3_separator-disable gt3_full_width-active\" style=\"font-size: 18px;line-height: 165%; color: #1a4d2e; \"><p class=\"p1\">BNA Legal is founded by a team of experienced legal, financial, and human resources experts who have worked with businesses of diverse scales and sectors.<\/p>\n<p>&nbsp;<\/p>\n<p><strong>WHAT MAKES US DIFFERENT?<\/strong><\/p>\n<p>&nbsp;<\/p>\n<p>BNA Legal takes pride in our team of highly experienced lawyers who have worked in both law firms and in-house legal departments. As a result, each member of our team possesses a unique combination of professional expertise and practical experience from direct involvement in business operations.<\/p>\n<p>&nbsp;<\/p>\n<p>In addition to our legal team, BNA Legal also boasts finance and HR specialists. This enables us to provide solutions that ensure legal compliance while taking into account financial factors and workforce stability.<\/p>\n<p>&nbsp;<\/p>\n<p>Above all, BNA Legal goes beyond being a typical legal service provider because we also offer businesses strategic governance and effective risk management solutions.<\/p>\n<\/div>    <div class=\"gt3_spacing  gt3_spacing-height_size_sm_desktop-on gt3_spacing-height_tablet-on gt3_spacing-height_mobile-on\">\r\n        <div class=\"gt3_spacing-height gt3_spacing-height_default\" style=\"height: 60px;\"><\/div>\r\n         <div class=\"gt3_spacing-height gt3_spacing-height_size_sm_desktop\" style=\"height:16px;\"><\/div> <div class=\"gt3_spacing-height gt3_spacing-height_tablet\" style=\"height:16px;\"><\/div> <div class=\"gt3_spacing-height gt3_spacing-height_mobile\" style=\"height:16px;\"><\/div>    <\/div>\r\n            <\/div>\r\n    <\/div>\r\n<\/div>\r\n<\/div><\/div><!-- .container --><\/div><div data-vc-full-width=\"true\" data-vc-full-width-init=\"false\" class=\"vc_custom_1715696567656\"><div class=\"container\"><div class=\"vc_row wpb_row vc_row-fluid gt3_vc_row_modified vc_row-has-fill\"><div class=\"wpb_column vc_column_container vc_col-sm-12\">\r\n    <div class=\"vc_column-inner\">\r\n        <div class=\"wpb_wrapper\">\r\n            <div class=\"vc_row wpb_row vc_inner vc_row-fluid gt3_vc_row_modified gt3_custom_shadow gt3_higher_z_index vc_row-o-equal-height vc_row-flex\">    <div class=\"wpb_column vc_column_container vc_col-sm-12 vc_col-md-4 vc_col-has-fill\">\r\n        <div class=\"vc_column-inner vc_custom_1528283472986\">\r\n            <div class=\"wpb_wrapper\">\r\n                    <div class=\"gt3_spacing\">\r\n        <div class=\"gt3_spacing-height gt3_spacing-height_default\" style=\"height: 235px;\"><\/div>\r\n            <\/div>\r\n    <div data-color=\"#ffffff\" class=\"gt3_custom_text  vc_custom_1729181615325 gt3_line-break-default gt3_font-size-inherit gt3_line-height-inherit gt3_color-inherit gt3_separator-active gt3_separator-inner gt3_full_width-active\" style=\"font-size: 36px;line-height: 165%; color: #ffffff; \"><div class=\"gt3_custom_text_separator\" style=\"margin-top: 17px; max-width: 70px; background-color: rgba(255,255,255,0.3); \"><\/div><h3>Harmony with Collaboration and Synergy<\/h3>\n<\/div>            <\/div>\r\n        <\/div>\r\n    <\/div>\r\n    <div class=\"wpb_column vc_column_container vc_col-sm-12 vc_col-md-4 vc_col-has-fill\">\r\n        <div class=\"vc_column-inner vc_custom_1717143465064\">\r\n            <div class=\"wpb_wrapper\">\r\n                    <div class=\"gt3_spacing\">\r\n        <div class=\"gt3_spacing-height gt3_spacing-height_default\" style=\"height: 235px;\"><\/div>\r\n            <\/div>\r\n    <div data-color=\"#ffffff\" class=\"gt3_custom_text  vc_custom_1729181626085 gt3_line-break-default gt3_font-size-inherit gt3_line-height-inherit gt3_color-inherit gt3_separator-active gt3_separator-inner gt3_full_width-active\" style=\"font-size: 36px;line-height: 165%; color: #ffffff; \"><div class=\"gt3_custom_text_separator\" style=\"margin-top: 17px; max-width: 70px; background-color: rgba(255,255,255,0.3); \"><\/div><h3>Harmony with Reason and Law<\/h3>\n<\/div>            <\/div>\r\n        <\/div>\r\n    <\/div>\r\n    <div class=\"wpb_column vc_column_container vc_col-sm-12 vc_col-md-4 vc_col-has-fill\">\r\n        <div class=\"vc_column-inner vc_custom_1717143493187\">\r\n            <div class=\"wpb_wrapper\">\r\n                    <div class=\"gt3_spacing\">\r\n        <div class=\"gt3_spacing-height gt3_spacing-height_default\" style=\"height: 235px;\"><\/div>\r\n            <\/div>\r\n    <div data-color=\"#ffffff\" class=\"gt3_custom_text  vc_custom_1727713574061 gt3_line-break-default gt3_font-size-inherit gt3_line-height-inherit gt3_color-inherit gt3_separator-active gt3_separator-inner gt3_full_width-active\" style=\"font-size: 36px;line-height: 165%; color: #ffffff; \"><div class=\"gt3_custom_text_separator\" style=\"margin-top: 17px; max-width: 70px; background-color: rgba(255,255,255,0.3); \"><\/div><h3>Harmony with Time<\/h3>\n<\/div>            <\/div>\r\n        <\/div>\r\n    <\/div>\r\n<\/div>        <\/div>\r\n    <\/div>\r\n<\/div>\r\n<\/div><\/div><!-- .container --><\/div><div class=\"vc_row-full-width vc_clearfix\"><\/div><div data-vc-full-width=\"true\" data-vc-full-width-init=\"false\" class=\"vc_custom_1715699805127\"><div class=\"container\"><div class=\"vc_row wpb_row vc_row-fluid gt3_vc_row_modified vc_row-has-fill\"><div class=\"wpb_column vc_column_container vc_col-sm-12\">\r\n    <div class=\"vc_column-inner\">\r\n        <div class=\"wpb_wrapper\">\r\n                <div class=\"gt3_spacing  gt3_spacing-height_mobile-on\">\r\n        <div class=\"gt3_spacing-height gt3_spacing-height_default\" style=\"height: 0px;\"><\/div>\r\n         <div class=\"gt3_spacing-height gt3_spacing-height_mobile\" style=\"height:100px;\"><\/div>    <\/div>\r\n    <div data-color=\"#ffffff\" class=\"gt3_custom_text  gt3_line-break-default gt3_font-size-inherit gt3_line-height-inherit gt3_color-inherit gt3_separator-active gt3_separator-outer gt3_full_width-active\" style=\"font-size: 32px;line-height: 165%; color: #ef5b0c; \"><div class=\"gt3_custom_text_separator\" style=\"margin-top: 22px; max-width: 70px; background-color: rgba(239,91,12,0.89); \"><\/div><h2>CORE VALUES<\/h2>\n<\/div>    <div class=\"gt3_spacing  gt3_spacing-height_mobile-on\">\r\n        <div class=\"gt3_spacing-height gt3_spacing-height_default\" style=\"height: 0px;\"><\/div>\r\n         <div class=\"gt3_spacing-height gt3_spacing-height_mobile\" style=\"height:100px;\"><\/div>    <\/div>\r\n    <div data-color=\"#ffffff\" class=\"gt3_custom_text  gt3_line-break-default gt3_font-size-inherit gt3_line-height-inherit gt3_color-inherit gt3_separator-disable gt3_full_width-active\" style=\"font-size: 16px;line-height: 165%; color: #ffffff; \"><p>Committed to delivering true value to our Clients with the aspiration to take BNA Legal to global stage, we are passionate about the five \"Harmonies\" in our core values:<\/p>\n<\/div><div class=\"vc_row wpb_row vc_inner vc_row-fluid gt3_vc_row_modified\">    <div class=\"wpb_column vc_column_container vc_col-sm-4\">\r\n        <div class=\"vc_column-inner\">\r\n            <div class=\"wpb_wrapper\">\r\n                <div data-color=\"#ffffff\" class=\"gt3_custom_text  gt3_line-break-default gt3_font-size-inherit gt3_line-height-inherit gt3_color-inherit gt3_separator-disable gt3_full_width-active\" style=\"font-size: 24px;line-height: 165%; color: #ef5b0c; \"><h4>Harmony with Collaboration and Synergy<\/h4>\n<\/div><div data-color=\"#ffffff\" class=\"gt3_custom_text  vc_custom_1729155925803 gt3_line-break-default gt3_font-size-inherit gt3_line-height-inherit gt3_color-inherit gt3_separator-disable gt3_full_width-active\" style=\"font-size: 16px;line-height: 165%; color: #ffffff; \"><p>BNA Legal prioritizes collaborative relationships:<\/p>\n<p>&nbsp;<\/p>\n<p class=\" translation-block\"><em><strong>With Clients<\/strong><\/em>: we collaborate to deliver true value.<\/p>\n<p>&nbsp;<\/p>\n<p class=\" translation-block\"><em><strong>With colleagues<\/strong><\/em>: we collaborate to create added value and collective strength.<\/p>\n<p>&nbsp;<\/p>\n<p class=\" translation-block\"><em><strong>With government agencies<\/strong><\/em>: we collaborate to uphold the value of compliance.<\/p>\n<p>&nbsp;<\/p>\n<p>BNA Legal believes success come from the power of teamwork instead of individual effort. Every act of \"collaboration\" leads to the power of \"synergy.\"<\/p>\n<\/div>            <\/div>\r\n        <\/div>\r\n    <\/div>\r\n    <div class=\"wpb_column vc_column_container vc_col-sm-4\">\r\n        <div class=\"vc_column-inner\">\r\n            <div class=\"wpb_wrapper\">\r\n                <div data-color=\"#ffffff\" class=\"gt3_custom_text  gt3_line-break-default gt3_font-size-inherit gt3_line-height-inherit gt3_color-inherit gt3_separator-disable gt3_full_width-active\" style=\"font-size: 24px;line-height: 165%; color: #ef5b0c; \"><h4>Harmony with Reason and Law<\/h4>\n<\/div><div data-color=\"#ffffff\" class=\"gt3_custom_text  vc_custom_1729156186129 gt3_line-break-default gt3_font-size-inherit gt3_line-height-inherit gt3_color-inherit gt3_separator-disable gt3_full_width-active\" style=\"font-size: 16px;line-height: 165%; color: #ffffff; \"><p>We always strive to select and provide feasible, practical, and highly applicable solutions. This means that reasonableness is always prioritized in our solutions.<\/p>\n<p>&nbsp;<\/p>\n<p>BNA Legal also aims for sustainable development with our guiding principle:<strong><em><strong> \"Solutions must be reasonable without compromising the vital requirement of legality<\/strong>\".<\/em><\/strong>&#8220;.<\/p>\n<\/div>            <\/div>\r\n        <\/div>\r\n    <\/div>\r\n    <div class=\"wpb_column vc_column_container vc_col-sm-4\">\r\n        <div class=\"vc_column-inner\">\r\n            <div class=\"wpb_wrapper\">\r\n                <div data-color=\"#ffffff\" class=\"gt3_custom_text  gt3_line-break-default gt3_font-size-inherit gt3_line-height-inherit gt3_color-inherit gt3_separator-disable gt3_full_width-active\" style=\"font-size: 24px;line-height: 165%; color: #ef5b0c; \"><h4>Harmony with Time<\/h4>\n<\/div><div data-color=\"#ffffff\" class=\"gt3_custom_text  vc_custom_1729155412114 gt3_line-break-default gt3_font-size-inherit gt3_line-height-inherit gt3_color-inherit gt3_separator-disable gt3_full_width-active\" style=\"font-size: 16px;line-height: 165%; color: #ffffff; \"><p class=\"p1\">In an era of constant change, BNA Legal recognizes that continuous learning, improvement, and experience accumulation are essential for our team to understand and meet Client needs. This core value also drives us to view issues through an international and global lens, allowing us to draw development patterns from developed countries to forecast and serve our Clients in Vietnam.<\/p>\n<\/div>            <\/div>\r\n        <\/div>\r\n    <\/div>\r\n<\/div>    <div class=\"gt3_spacing\">\r\n        <div class=\"gt3_spacing-height gt3_spacing-height_default\" style=\"height: 83px;\"><\/div>\r\n            <\/div>\r\n    <div class=\"vc_row wpb_row vc_inner vc_row-fluid gt3_vc_row_modified\">    <div class=\"wpb_column vc_column_container vc_col-sm-12\">\r\n        <div class=\"vc_column-inner\">\r\n            <div class=\"wpb_wrapper\">\r\n                            <\/div>\r\n        <\/div>\r\n    <\/div>\r\n<\/div>        <\/div>\r\n    <\/div>\r\n<\/div>\r\n<\/div><\/div><!-- .container --><\/div><div class=\"vc_row-full-width vc_clearfix\"><\/div><div data-vc-full-width=\"true\" data-vc-full-width-init=\"false\" class=\"vc_custom_1715701216142\"><div class=\"container\"><div class=\"vc_row wpb_row vc_row-fluid gt3_vc_row_modified vc_row-has-fill\"><div class=\"wpb_column vc_column_container vc_col-sm-6 vc_col-md-6\">\r\n    <div class=\"vc_column-inner\">\r\n        <div class=\"wpb_wrapper\">\r\n                <div class=\"gt3_spacing\">\r\n        <div class=\"gt3_spacing-height gt3_spacing-height_default\" style=\"height: 100px;\"><\/div>\r\n            <\/div>\r\n    <div data-color=\"#ffffff\" class=\"gt3_custom_text  gt3_line-break-default gt3_font-size-inherit gt3_line-height-inherit gt3_color-inherit gt3_separator-active gt3_separator-outer gt3_full_width-active\" style=\"font-size: 32px;line-height: 165%; color: #ef5b0c; \"><div class=\"gt3_custom_text_separator\" style=\"margin-top: 22px; max-width: 70px; background-color: rgba(239,91,12,0.89); \"><\/div><h2>OUR CULTURE<\/h2>\n<\/div>    <div class=\"gt3_spacing\">\r\n        <div class=\"gt3_spacing-height gt3_spacing-height_default\" style=\"height: 16px;\"><\/div>\r\n            <\/div>\r\n    <div data-color=\"#ffffff\" class=\"gt3_custom_text  gt3_line-break-default gt3_font-size-inherit gt3_line-height-inherit gt3_color-inherit gt3_separator-disable gt3_full_width-active\" style=\"font-size: 18px;line-height: 165%; color: #1a4d2e; \"><p>At BNA Legal, fostering a strong corporate culture is always our key priority because we believe that \"people are the company's most valuable asset.\" That is why we consistently encourage individuals to refine and enhance their potential and cultivating a mindset of \"striving for excellence\" through various training programs.<\/p>\n<\/div>    <div class=\"gt3_spacing\">\r\n        <div class=\"gt3_spacing-height gt3_spacing-height_default\" style=\"height: 60px;\"><\/div>\r\n            <\/div>\r\n            <\/div>\r\n    <\/div>\r\n<\/div>\r\n<div class=\"wpb_column vc_column_container vc_col-sm-6\">\r\n    <div class=\"vc_column-inner\">\r\n        <div class=\"wpb_wrapper\">\r\n            \n\t<div class=\"wpb_text_column wpb_content_element  wpb_animate_when_almost_visible wpb_appear appear\" >\n\t\t<div class=\"wpb_wrapper\">\n\t\t\t<p><img loading=\"lazy\" decoding=\"async\" class=\"alignnone wp-image-2895 size-full\" src=\"https:\/\/bnalegal.com\/wp-content\/uploads\/2024\/05\/logo-color-wide@2x.png\" alt=\"\" width=\"800\" height=\"480\" srcset=\"https:\/\/bnalegal.com\/wp-content\/uploads\/2024\/05\/logo-color-wide@2x.png 800w, https:\/\/bnalegal.com\/wp-content\/uploads\/2024\/05\/logo-color-wide@2x-300x180.png 300w, https:\/\/bnalegal.com\/wp-content\/uploads\/2024\/05\/logo-color-wide@2x-768x461.png 768w, https:\/\/bnalegal.com\/wp-content\/uploads\/2024\/05\/logo-color-wide@2x-18x12.png 18w\" sizes=\"auto, (max-width: 800px) 100vw, 800px\" \/><\/p>\n\n\t\t<\/div>\n\t<\/div>\n        <\/div>\r\n    <\/div>\r\n<\/div>\r\n<\/div><\/div><!-- .container --><\/div><div class=\"vc_row-full-width vc_clearfix\"><\/div><div data-vc-full-width=\"true\" data-vc-full-width-init=\"false\" class=\"vc_custom_1717143941892\"><div class=\"container\"><div class=\"vc_row wpb_row vc_row-fluid gt3_vc_row_modified vc_row-has-fill\"><div class=\"wpb_column vc_column_container vc_col-sm-12\">\r\n    <div class=\"vc_column-inner\">\r\n        <div class=\"wpb_wrapper\">\r\n                <div class=\"gt3_spacing\">\r\n        <div class=\"gt3_spacing-height gt3_spacing-height_default\" style=\"height: 30px;\"><\/div>\r\n            <\/div>\r\n    <div class=\"vc_row wpb_row vc_inner vc_row-fluid gt3_vc_row_modified vc_column-gap-20 vc_row-o-equal-height vc_row-flex\">    <div class=\"wpb_column vc_column_container vc_col-sm-4 vc_col-has-fill\">\r\n        <div class=\"vc_column-inner vc_custom_1715701456127\">\r\n            <div class=\"wpb_wrapper\">\r\n                <div data-color=\"#ffffff\" class=\"gt3_custom_text  gt3_line-break-default gt3_font-size-inherit gt3_line-height-inherit gt3_color-inherit gt3_separator-disable gt3_full_width-active\" style=\"font-size: 24px;line-height: 165%; color: #ef8247; \"><h4>Unity &amp; Mutual Support<\/h4>\n<\/div><div data-color=\"#ffffff\" class=\"gt3_custom_text  vc_custom_1716461740360 gt3_line-break-default gt3_font-size-inherit gt3_line-height-inherit gt3_color-inherit gt3_separator-disable gt3_full_width-active\" style=\"font-size: 16px;line-height: 165%; color: #ffffff; \"><p>No matter how talented an individual may be, they cannot go far alone. Collective intelligence and collective strength are crucial factors that help any group remain resilient and overcome all obstacles and challenges. Therefore, we always strive to build a working environment where all members of BNA Legal are united and support each other in their work as well as in life, so that we can all develop ourselves and go further together.<\/p>\n<\/div>            <\/div>\r\n        <\/div>\r\n    <\/div>\r\n    <div class=\"wpb_column vc_column_container vc_col-sm-4 vc_col-has-fill\">\r\n        <div class=\"vc_column-inner vc_custom_1715701475034\">\r\n            <div class=\"wpb_wrapper\">\r\n                <div data-color=\"#ffffff\" class=\"gt3_custom_text  gt3_line-break-default gt3_font-size-inherit gt3_line-height-inherit gt3_color-inherit gt3_separator-disable gt3_full_width-active\" style=\"font-size: 24px;line-height: 165%; color: #ef8247; \"><h4>Respect<\/h4>\n<\/div><div data-color=\"#ffffff\" class=\"gt3_custom_text  vc_custom_1716461749826 gt3_line-break-default gt3_font-size-inherit gt3_line-height-inherit gt3_color-inherit gt3_separator-disable gt3_full_width-active\" style=\"font-size: 16px;line-height: 165%; color: #ffffff; \"><p>BNA Legal is a collective of Lawyers and experts of diverse ages, areas of expertise, and geographic backgrounds. This can easily lead to differing viewpoints during collaborative work. At BNA Legal, when working, debating, or participating in the company's joint activities, each member has the right to express their own ideas and opinions; and at the same time, to listen and understand the perspectives of others. Discussions on professional matters must be based on the spirit of serving the interests of Clients and the company, and in alignment with the company's code of conduct.<\/p>\n<\/div>            <\/div>\r\n        <\/div>\r\n    <\/div>\r\n    <div class=\"wpb_column vc_column_container vc_col-sm-4 vc_col-has-fill\">\r\n        <div class=\"vc_column-inner vc_custom_1716461390795\">\r\n            <div class=\"wpb_wrapper\">\r\n                <div data-color=\"#ffffff\" class=\"gt3_custom_text  gt3_line-break-default gt3_font-size-inherit gt3_line-height-inherit gt3_color-inherit gt3_separator-disable gt3_full_width-active\" style=\"font-size: 24px;line-height: 165%; color: #ef8247; \"><h4>Together we learn, together we grow<\/h4>\n<\/div><div data-color=\"#ffffff\" class=\"gt3_custom_text  vc_custom_1716461758418 gt3_line-break-default gt3_font-size-inherit gt3_line-height-inherit gt3_color-inherit gt3_separator-disable gt3_full_width-active\" style=\"font-size: 16px;line-height: 165%; color: #ffffff; \"><p class=\"p1\">Sharing of useful information, documents, and knowledge is always encouraged, as long as such sharing does not violate any legal regulations or agreements. We also encourage BNA Legal members to participate in training sessions and seminars to learn from various sources; at the same time, we highly value the organization of internal sharing and training sessions, so that Lawyers and Experts have the opportunities to share real-world issues and gain experience together, in order to develop collectively and serve Clients better.<\/p>\n<\/div>            <\/div>\r\n        <\/div>\r\n    <\/div>\r\n<\/div>    <div class=\"gt3_spacing\">\r\n        <div class=\"gt3_spacing-height gt3_spacing-height_default\" style=\"height: 60px;\"><\/div>\r\n            <\/div>\r\n            <\/div>\r\n    <\/div>\r\n<\/div>\r\n<\/div><\/div><!-- .container --><\/div><div class=\"vc_row-full-width vc_clearfix\"><\/div>\n<\/div>","protected":false},"excerpt":{"rendered":"V\u1ec0 CH\u00daNG T\u00d4I BNA Legal l\u00e0 t\u00e2m huy\u1ebft s\u00e1ng l\u1eadp c\u1ee7a \u0111\u1ed9i ng\u0169 chuy\u00ean gia ph\u00e1p l\u00fd, t\u00e0i ch\u00ednh v\u00e0 nh\u00e2n s\u1ef1 d\u00e0y d\u1ea1n kinh nghi\u1ec7m l\u00e0m vi\u1ec7c t\u1ea1i c\u00e1c doanh nghi\u1ec7p v\u1edbi s\u1ef1 \u0111a d\u1ea1ng v\u1ec1 quy m\u00f4 v\u00e0 l\u0129nh v\u1ef1c kinh doanh. &nbsp; \u0110I\u1ec0U G\u00cc KHI\u1ebeN CH\u00daNG T\u00d4I KH\u00c1C BI\u1ec6T? &nbsp; BNA Legal [...]","protected":false},"author":2,"featured_media":0,"parent":0,"menu_order":0,"comment_status":"closed","ping_status":"closed","template":"full-width.php","meta":{"footnotes":""},"class_list":["post-242","page","type-page","status-publish","hentry"],"_links":{"self":[{"href":"https:\/\/bnalegal.com\/en\/wp-json\/wp\/v2\/pages\/242","targetHints":{"allow":["GET"]}}],"collection":[{"href":"https:\/\/bnalegal.com\/en\/wp-json\/wp\/v2\/pages"}],"about":[{"href":"https:\/\/bnalegal.com\/en\/wp-json\/wp\/v2\/types\/page"}],"author":[{"embeddable":true,"href":"https:\/\/bnalegal.com\/en\/wp-json\/wp\/v2\/users\/2"}],"replies":[{"embeddable":true,"href":"https:\/\/bnalegal.com\/en\/wp-json\/wp\/v2\/comments?post=242"}],"version-history":[{"count":3,"href":"https:\/\/bnalegal.com\/en\/wp-json\/wp\/v2\/pages\/242\/revisions"}],"predecessor-version":[{"id":3616,"href":"https:\/\/bnalegal.com\/en\/wp-json\/wp\/v2\/pages\/242\/revisions\/3616"}],"wp:attachment":[{"href":"https:\/\/bnalegal.com\/en\/wp-json\/wp\/v2\/media?parent=242"}],"curies":[{"name":"wp","href":"https:\/\/api.w.org\/{rel}","templated":true}]}}