{"id":2402,"date":"2024-04-15T02:37:20","date_gmt":"2024-04-15T02:37:20","guid":{"rendered":"https:\/\/bnalegal.com\/?page_id=2402"},"modified":"2024-06-18T10:20:59","modified_gmt":"2024-06-18T03:20:59","slug":"bao-mat-thong-tin","status":"publish","type":"page","link":"https:\/\/bnalegal.com\/en\/bao-mat-thong-tin\/","title":{"rendered":"Privacy Policy"},"content":{"rendered":"<div class=\"info\">\n<div class=\"desc\">BNA Legal implements the following privacy policies to indicate issues related to customer information security for this website.<\/div>\n<div><\/div>\n<div>\n<p>No customer's personal information is automatically collected from the website. However, some non-personal information of visitors related to traffic will be recorded by servers that meet  BNA Legal's operating standards. This information is used for the purpose of upgrading and improving the user experience of our website.<\/p>\n<p>BNA Legal may share your personal information with third parties only to provide you with services or additional information about BNA Legal that you request (e.g. send an e-mail, fill in the required information, or conduct survey responses). Any third-party websites linked to this website may have their own privacy policies and terms. You should carefully review the privacy policies of these sites in order to select the right personal information for each different website.<\/p>\n<\/div>\n<\/div>\n<p><strong>Contact<\/strong><\/p>\n<p>If you have any questions or feedback about our privacy policy, please contact us via the contact information provided on our website.<\/p>","protected":false},"excerpt":{"rendered":"<p>BNA Legal th\u1ef1c hi\u1ec7n c\u00e1c ch\u00ednh s\u00e1ch b\u1ea3o m\u1eadt sau \u0111\u00e2y nh\u1eb1m ch\u1ec9 ra c\u00e1c v\u1ea5n \u0111\u1ec1 li\u00ean quan \u0111\u1ebfn b\u1ea3o m\u1eadt th\u00f4ng tin c\u1ee7a kh\u00e1ch h\u00e0ng \u0111\u1ed1i v\u1edbi trang web n\u00e0y. Theo quy \u0111\u1ecbnh chung, kh\u00f4ng c\u00f3 th\u00f4ng tin c\u00e1 nh\u00e2n n\u00e0o c\u1ee7a kh\u00e1ch h\u00e0ng \u0111\u01b0\u1ee3c t\u1ef1 \u0111\u1ed9ng thu th\u1eadp t\u1eeb trang web. Tuy [&hellip;]<\/p>","protected":false},"author":1,"featured_media":0,"parent":0,"menu_order":0,"comment_status":"closed","ping_status":"closed","template":"","meta":{"footnotes":""},"class_list":["post-2402","page","type-page","status-publish","hentry"],"_links":{"self":[{"href":"https:\/\/bnalegal.com\/en\/wp-json\/wp\/v2\/pages\/2402","targetHints":{"allow":["GET"]}}],"collection":[{"href":"https:\/\/bnalegal.com\/en\/wp-json\/wp\/v2\/pages"}],"about":[{"href":"https:\/\/bnalegal.com\/en\/wp-json\/wp\/v2\/types\/page"}],"author":[{"embeddable":true,"href":"https:\/\/bnalegal.com\/en\/wp-json\/wp\/v2\/users\/1"}],"replies":[{"embeddable":true,"href":"https:\/\/bnalegal.com\/en\/wp-json\/wp\/v2\/comments?post=2402"}],"version-history":[{"count":0,"href":"https:\/\/bnalegal.com\/en\/wp-json\/wp\/v2\/pages\/2402\/revisions"}],"wp:attachment":[{"href":"https:\/\/bnalegal.com\/en\/wp-json\/wp\/v2\/media?parent=2402"}],"curies":[{"name":"wp","href":"https:\/\/api.w.org\/{rel}","templated":true}]}}